{"id":405,"date":"2023-03-24T12:35:47","date_gmt":"2023-03-24T12:35:47","guid":{"rendered":"https:\/\/rumen.dk\/?page_id=405"},"modified":"2023-12-16T14:05:38","modified_gmt":"2023-12-16T14:05:38","slug":"fuldfoder-foderblanding","status":"publish","type":"page","link":"https:\/\/rumen.dk\/index.php\/fuldfoder-foderblanding\/","title":{"rendered":"Fuldfoder &#038; Foderblanding"},"content":{"rendered":"\n<div class=\"wp-block-media-text alignwide is-stacked-on-mobile\"><figure class=\"wp-block-media-text__media\"><img loading=\"lazy\" decoding=\"async\" width=\"1024\" height=\"681\" src=\"https:\/\/rumen.dk\/wp-content\/uploads\/2023\/03\/DSC06161-1024x681.jpg\" alt=\"\" class=\"wp-image-406 size-full\" srcset=\"https:\/\/rumen.dk\/wp-content\/uploads\/2023\/03\/DSC06161-1024x681.jpg 1024w, https:\/\/rumen.dk\/wp-content\/uploads\/2023\/03\/DSC06161-300x200.jpg 300w, https:\/\/rumen.dk\/wp-content\/uploads\/2023\/03\/DSC06161-768x511.jpg 768w, https:\/\/rumen.dk\/wp-content\/uploads\/2023\/03\/DSC06161-1536x1022.jpg 1536w, https:\/\/rumen.dk\/wp-content\/uploads\/2023\/03\/DSC06161-2048x1363.jpg 2048w\" sizes=\"auto, (max-width: 1024px) 100vw, 1024px\" \/><\/figure><div class=\"wp-block-media-text__content\">\n<p class=\"has-medium-font-size\">Velblandet kompakt fuldfoder udfodret i tilstr\u00e6kkelig m\u00e6ngde med foderrest p\u00e5 ca 2% giver ro i stalden og minimal fodringsinduceret stress.<\/p>\n\n\n\n<p class=\"has-medium-font-size\">Kompakt fuldfoder betyder, at de enkelte fodermidler udviskes for koen s\u00e5 hun kun m\u00f8der et fodermiddel p\u00e5 foderbordet &#8211; FULDFODER. <\/p>\n\n\n\n<p>Historisk har fuldfoder v\u00e6ret et teoretisk koncept uden sammenh\u00e6ng til virkeligheden. F\u00f8rst med Kompakt fuldfoder blev det almindeligt at blande foder tilstr\u00e6kkeligt. Med Kompakt fuldfoder skabes et fuldfoder, der betyder, at k\u00f8erne \u00e6der af blandingen i stedet for at bruge dagen p\u00e5 at sortere foderemner ud fra hinanden.<\/p>\n\n\n\n<p><\/p>\n<\/div><\/div>\n\n\n\n<div class=\"wp-block-media-text alignwide is-stacked-on-mobile\"><figure class=\"wp-block-media-text__media\"><img loading=\"lazy\" decoding=\"async\" width=\"1024\" height=\"681\" src=\"https:\/\/rumen.dk\/wp-content\/uploads\/2023\/03\/DSC06684-1024x681.jpg\" alt=\"\" class=\"wp-image-407 size-full\" srcset=\"https:\/\/rumen.dk\/wp-content\/uploads\/2023\/03\/DSC06684-1024x681.jpg 1024w, https:\/\/rumen.dk\/wp-content\/uploads\/2023\/03\/DSC06684-300x200.jpg 300w, https:\/\/rumen.dk\/wp-content\/uploads\/2023\/03\/DSC06684-768x511.jpg 768w, https:\/\/rumen.dk\/wp-content\/uploads\/2023\/03\/DSC06684-1536x1022.jpg 1536w, https:\/\/rumen.dk\/wp-content\/uploads\/2023\/03\/DSC06684-2048x1363.jpg 2048w\" sizes=\"auto, (max-width: 1024px) 100vw, 1024px\" \/><\/figure><div class=\"wp-block-media-text__content\">\n<p class=\"has-medium-font-size\">Normalbilledet i en stald med kompakt fuldfoder er en j\u00e6vn s\u00f8gning til foderet uden stress og k\u00f8.<\/p>\n\n\n\n<p class=\"has-medium-font-size\">K\u00f8erne sparer mange timer om dagen hvis de kan n\u00f8jes med at \u00e6de ved foderbordet, i stedet for at skulle sortere sig igennem foderet flere gange om dagen.<\/p>\n<\/div><\/div>\n\n\n\n<div class=\"wp-block-media-text alignwide is-stacked-on-mobile\"><figure class=\"wp-block-media-text__media\"><video controls src=\"https:\/\/rumen.dk\/wp-content\/uploads\/2023\/03\/MOV_1157.mp4\"><\/video><\/figure><div class=\"wp-block-media-text__content\">\n<p class=\"has-medium-font-size\">Denne video viser hvordan foderet skal flytte sig i en fuldfoderblander med vertikale snegle.<\/p>\n\n\n\n<p class=\"has-medium-font-size\">Det lyder indlysende, men det er helt afg\u00f8rende for fremstilling af fuldfoder, at foderblanderen kan blande. <\/p>\n\n\n\n<p class=\"has-medium-font-size\">Det er langt fra alle foderblandere, der kan blande fuldfoder. <\/p>\n\n\n\n<p class=\"has-medium-font-size\">P\u00e5 mange bedrifter mangler opf\u00f8lgning p\u00e5 foderblanderens funktion.<\/p>\n<\/div><\/div>\n\n\n\n<p><\/p>\n\n\n\n<h2 class=\"wp-block-heading\">S\u00e5dan skal det IKKE se ud n\u00e5r du kigger i foderblanderen!<\/h2>\n\n\n\n<div class=\"wp-block-media-text alignwide is-stacked-on-mobile\"><figure class=\"wp-block-media-text__media\"><video controls src=\"https:\/\/rumen.dk\/wp-content\/uploads\/2023\/03\/DKC_Trioliet_20230316_074303.mp4\"><\/video><\/figure><div class=\"wp-block-media-text__content\">\n<p class=\"has-medium-font-size\">Hvis din foderblander ikke kan skabe bev\u00e6gelse i blandingen, som vist i dette eksempel kan det medf\u00f8re fejlfodring og foderforgiftninger i bes\u00e6tningen. <\/p>\n\n\n\n<p class=\"has-medium-font-size\">Manglende opblanding af fuldfoder har kan have meget store negative effekter p\u00e5 k\u00f8ernes sundhed og produktion og b\u00f8r STRAKS afhj\u00e6lpes. <\/p>\n\n\n\n<p class=\"has-medium-font-size\">NB-Dairy ApS kan hj\u00e6lpe dig med afklaring af \u00e5rsagen til manglende funktion af din foderblander.<\/p>\n<\/div><\/div>\n\n\n\n<h2 class=\"wp-block-heading\">Kontakt NB-Dairy Aps p\u00e5 post@rumen.dk eller 2479 9335 hvis der er behov for kritisk gennemgang af fodringsmanagement og\/eller foderblanding p\u00e5 din bedrift.<\/h2>\n\n\n\n<div class=\"wp-block-media-text alignwide is-stacked-on-mobile\"><figure class=\"wp-block-media-text__media\"><img loading=\"lazy\" decoding=\"async\" width=\"1024\" height=\"768\" src=\"https:\/\/rumen.dk\/wp-content\/uploads\/2023\/03\/20210408_165642-1024x768.jpg\" alt=\"\" class=\"wp-image-415 size-full\" srcset=\"https:\/\/rumen.dk\/wp-content\/uploads\/2023\/03\/20210408_165642-1024x768.jpg 1024w, https:\/\/rumen.dk\/wp-content\/uploads\/2023\/03\/20210408_165642-300x225.jpg 300w, https:\/\/rumen.dk\/wp-content\/uploads\/2023\/03\/20210408_165642-768x576.jpg 768w, https:\/\/rumen.dk\/wp-content\/uploads\/2023\/03\/20210408_165642-1536x1152.jpg 1536w, https:\/\/rumen.dk\/wp-content\/uploads\/2023\/03\/20210408_165642-2048x1536.jpg 2048w\" sizes=\"auto, (max-width: 1024px) 100vw, 1024px\" \/><\/figure><div class=\"wp-block-media-text__content\">\n<p class=\"has-medium-font-size\">En r\u00e6kke forhold har indflydelse p\u00e5 blanderens evne til at flytte foderblandingen og sikre optimal opblanding. <\/p>\n\n\n\n<p class=\"has-medium-font-size\">Effektplader, sneglesko og sneglesk\u00e6r \u00f8ger sneglens evne til at rense op langs kanterne af blandekarret. <\/p>\n\n\n\n<p class=\"has-medium-font-size\">Knivmontering har betydning og s\u00e6rligt lange knive nederst p\u00e5 sneglene \u00f8ger effekten. <\/p>\n\n\n\n<p class=\"has-medium-font-size\">Sneglens kant har betydning for skabelse af opdrift i blanderen. <\/p>\n\n\n\n<p class=\"has-medium-font-size\">Sneglenes omdrejningshastighed har ogs\u00e5 stor betydning.<\/p>\n<\/div><\/div>\n\n\n\n<div class=\"wp-block-media-text alignwide is-stacked-on-mobile\"><figure class=\"wp-block-media-text__media\"><img loading=\"lazy\" decoding=\"async\" width=\"1024\" height=\"768\" src=\"https:\/\/rumen.dk\/wp-content\/uploads\/2023\/03\/20200211_160720-1024x768.jpg\" alt=\"\" class=\"wp-image-416 size-full\" srcset=\"https:\/\/rumen.dk\/wp-content\/uploads\/2023\/03\/20200211_160720-1024x768.jpg 1024w, https:\/\/rumen.dk\/wp-content\/uploads\/2023\/03\/20200211_160720-300x225.jpg 300w, https:\/\/rumen.dk\/wp-content\/uploads\/2023\/03\/20200211_160720-768x576.jpg 768w, https:\/\/rumen.dk\/wp-content\/uploads\/2023\/03\/20200211_160720-1536x1152.jpg 1536w, https:\/\/rumen.dk\/wp-content\/uploads\/2023\/03\/20200211_160720-2048x1536.jpg 2048w\" sizes=\"auto, (max-width: 1024px) 100vw, 1024px\" \/><\/figure><div class=\"wp-block-media-text__content\">\n<p class=\"has-medium-font-size\">Husk af f\u00f8lge sliddet af din foderblander. <\/p>\n\n\n\n<p class=\"has-medium-font-size\">Er blanderens funktion afh\u00e6ngig af lange knive eller sneglesko s\u00e5 forsvinder effekten af disse i takt med at de slides v\u00e6k. <\/p>\n\n\n\n<p class=\"has-medium-font-size\">St\u00e6rkt nedslidte dele i blanderen kan ogs\u00e5 afgive metalstykker, der potentielt kan skade k\u00f8erne og delene skal udskiftes f\u00f8r de blive s\u00e5 tyndslidte, at der kn\u00e6kker metalstykker af.<\/p>\n<\/div><\/div>\n\n\n\n<div class=\"wp-block-media-text alignwide is-stacked-on-mobile\"><figure class=\"wp-block-media-text__media\"><img loading=\"lazy\" decoding=\"async\" width=\"1024\" height=\"768\" src=\"https:\/\/rumen.dk\/wp-content\/uploads\/2023\/03\/Knivplademagnet_closeup-1024x768.jpg\" alt=\"\" class=\"wp-image-418 size-full\" srcset=\"https:\/\/rumen.dk\/wp-content\/uploads\/2023\/03\/Knivplademagnet_closeup-1024x768.jpg 1024w, https:\/\/rumen.dk\/wp-content\/uploads\/2023\/03\/Knivplademagnet_closeup-300x225.jpg 300w, https:\/\/rumen.dk\/wp-content\/uploads\/2023\/03\/Knivplademagnet_closeup-768x576.jpg 768w, https:\/\/rumen.dk\/wp-content\/uploads\/2023\/03\/Knivplademagnet_closeup-1536x1152.jpg 1536w, https:\/\/rumen.dk\/wp-content\/uploads\/2023\/03\/Knivplademagnet_closeup-2048x1536.jpg 2048w\" sizes=\"auto, (max-width: 1024px) 100vw, 1024px\" \/><\/figure><div class=\"wp-block-media-text__content\">\n<p class=\"has-medium-font-size\">Monter mindst \u00e9n velfungerende magnet i fuldfoderblanderen for at overv\u00e5ge metalbelastningen af k\u00f8erne. <\/p>\n\n\n\n<p class=\"has-medium-font-size\">Knivplademagneten vist her, kan monteres i alle vertikalblanderen og <a href=\"https:\/\/rumen.dk\/wp-content\/uploads\/2021\/12\/KI_2609_Magnettest_VM27.pdf\" data-type=\"attachment\" data-id=\"97\">har sig at have god effekt<\/a> til tilbageholdelse af metalstykker i fuldfoderblandere.<\/p>\n\n\n\n<p><a href=\"https:\/\/www.maykers.com\/da-dk\/blogs\/undga-skadelige-fremmedlegemer-med-effektive-magnetlosninger-i-fuldfoderblandere\" data-type=\"URL\" data-id=\"https:\/\/www.maykers.com\/da-dk\/blogs\/undga-skadelige-fremmedlegemer-med-effektive-magnetlosninger-i-fuldfoderblandere\">Link til forhandler af magneter til fuldfoderblandere.<\/a><\/p>\n<\/div><\/div>\n\n\n\n<div class=\"wp-block-media-text alignwide is-stacked-on-mobile\"><figure class=\"wp-block-media-text__media\"><img loading=\"lazy\" decoding=\"async\" width=\"1024\" height=\"768\" src=\"https:\/\/rumen.dk\/wp-content\/uploads\/2023\/03\/20210912_172037-1024x768.jpg\" alt=\"\" class=\"wp-image-419 size-full\" srcset=\"https:\/\/rumen.dk\/wp-content\/uploads\/2023\/03\/20210912_172037-1024x768.jpg 1024w, https:\/\/rumen.dk\/wp-content\/uploads\/2023\/03\/20210912_172037-300x225.jpg 300w, https:\/\/rumen.dk\/wp-content\/uploads\/2023\/03\/20210912_172037-768x576.jpg 768w, https:\/\/rumen.dk\/wp-content\/uploads\/2023\/03\/20210912_172037-1536x1152.jpg 1536w, https:\/\/rumen.dk\/wp-content\/uploads\/2023\/03\/20210912_172037-2048x1536.jpg 2048w\" sizes=\"auto, (max-width: 1024px) 100vw, 1024px\" \/><\/figure><div class=\"wp-block-media-text__content\">\n<p class=\"has-medium-font-size\">Det er vigtigt at rense foderblanderens magneter hyppigt. I de fleste situationer er det n\u00f8dvendigt at rense magneterne hver uge.<\/p>\n<\/div><\/div>\n\n\n\n<h2 class=\"wp-block-heading\">Kontakt NB-Dairy Aps p\u00e5 post@rumen.dk eller 2479 9335 hvis der er behov for kritisk gennemgang af fodringsmanagement og\/eller foderblanding p\u00e5 din bedrift.<\/h2>\n<div class='campos'>","protected":false},"excerpt":{"rendered":"<p>Velblandet kompakt fuldfoder udfodret i tilstr\u00e6kkelig m\u00e6ngde med foderrest p\u00e5 ca 2% giver ro i stalden og minimal fodringsinduceret stress. Kompakt fuldfoder betyder, at de enkelte fodermidler udviskes for koen s\u00e5 hun kun m\u00f8der et fodermiddel p\u00e5 foderbordet &#8211; FULDFODER. Historisk har fuldfoder v\u00e6ret et teoretisk koncept uden sammenh\u00e6ng til virkeligheden. F\u00f8rst med Kompakt fuldfoder [&hellip;]<\/p>\n","protected":false},"author":1,"featured_media":406,"parent":0,"menu_order":0,"comment_status":"closed","ping_status":"closed","template":"","meta":{"footnotes":""},"class_list":["post-405","page","type-page","status-publish","has-post-thumbnail","hentry"],"_links":{"self":[{"href":"https:\/\/rumen.dk\/index.php\/wp-json\/wp\/v2\/pages\/405","targetHints":{"allow":["GET"]}}],"collection":[{"href":"https:\/\/rumen.dk\/index.php\/wp-json\/wp\/v2\/pages"}],"about":[{"href":"https:\/\/rumen.dk\/index.php\/wp-json\/wp\/v2\/types\/page"}],"author":[{"embeddable":true,"href":"https:\/\/rumen.dk\/index.php\/wp-json\/wp\/v2\/users\/1"}],"replies":[{"embeddable":true,"href":"https:\/\/rumen.dk\/index.php\/wp-json\/wp\/v2\/comments?post=405"}],"version-history":[{"count":11,"href":"https:\/\/rumen.dk\/index.php\/wp-json\/wp\/v2\/pages\/405\/revisions"}],"predecessor-version":[{"id":648,"href":"https:\/\/rumen.dk\/index.php\/wp-json\/wp\/v2\/pages\/405\/revisions\/648"}],"wp:featuredmedia":[{"embeddable":true,"href":"https:\/\/rumen.dk\/index.php\/wp-json\/wp\/v2\/media\/406"}],"wp:attachment":[{"href":"https:\/\/rumen.dk\/index.php\/wp-json\/wp\/v2\/media?parent=405"}],"curies":[{"name":"wp","href":"https:\/\/api.w.org\/{rel}","templated":true}]}}