{"id":331,"date":"2023-01-17T19:27:34","date_gmt":"2023-01-17T19:27:34","guid":{"rendered":"http:\/\/rumen.dk\/?page_id=331"},"modified":"2024-04-25T17:52:46","modified_gmt":"2024-04-25T17:52:46","slug":"kmp-fuldfoder-2","status":"publish","type":"page","link":"https:\/\/rumen.dk\/index.php\/kmp-fuldfoder-2\/","title":{"rendered":"Pr\u00f8ver og pr\u00f8veudtagning"},"content":{"rendered":"\n<p>Af: Niels Bastian Kristensen<\/p>\n\n\n\n<h2 class=\"wp-block-heading\">Brug fuldfoderblanderen til udtagning af ensilagepr\u00f8ver<\/h2>\n\n\n\n<figure class=\"wp-block-video\"><video height=\"1080\" style=\"aspect-ratio: 1920 \/ 1080;\" width=\"1920\" controls src=\"https:\/\/rumen.dk\/wp-content\/uploads\/2024\/04\/Neddeling-af-ensilageprove-med-foderblander-2.mp4\"><\/video><\/figure>\n\n\n\n<p class=\"has-medium-font-size\"><a href=\"https:\/\/rumen.dk\/index.php\/proveudtagning-fra-ensilagestakke-under-opfodring\/\" data-type=\"page\" data-id=\"460\">Se beskrivelse af metoder til pr\u00f8veudtagning af ensilage fra stakke under opfodring her.<\/a><\/p>\n\n\n\n<p><\/p>\n\n\n\n<figure class=\"wp-block-image size-large\"><img loading=\"lazy\" decoding=\"async\" width=\"1024\" height=\"364\" src=\"https:\/\/rumen.dk\/wp-content\/uploads\/2024\/01\/VM27_sampling-1024x364.jpg\" alt=\"\" class=\"wp-image-687\" srcset=\"https:\/\/rumen.dk\/wp-content\/uploads\/2024\/01\/VM27_sampling-1024x364.jpg 1024w, https:\/\/rumen.dk\/wp-content\/uploads\/2024\/01\/VM27_sampling-300x107.jpg 300w, https:\/\/rumen.dk\/wp-content\/uploads\/2024\/01\/VM27_sampling-768x273.jpg 768w, https:\/\/rumen.dk\/wp-content\/uploads\/2024\/01\/VM27_sampling-1536x546.jpg 1536w, https:\/\/rumen.dk\/wp-content\/uploads\/2024\/01\/VM27_sampling-2048x728.jpg 2048w\" sizes=\"auto, (max-width: 1024px) 100vw, 1024px\" \/><figcaption class=\"wp-element-caption\"><a href=\"https:\/\/rumen.dk\/index.php\/proveudtagning-fra-ensilagestakke-under-opfodring\/\" data-type=\"page\" data-id=\"460\">Pr\u00f8veudtagning fra ensilagestakke under opfodring<\/a><\/figcaption><\/figure>\n\n\n\n<div style=\"height:197px\" aria-hidden=\"true\" class=\"wp-block-spacer\"><\/div>\n\n\n\n<h2 class=\"wp-block-heading\">Udtagning af fuldfoderpr\u00f8ver &#8211; f\u00f8rst den omst\u00e6ndelige metode<\/h2>\n\n\n\n<p><\/p>\n\n\n\n<figure class=\"wp-block-embed is-type-video is-provider-youtube wp-block-embed-youtube wp-embed-aspect-16-9 wp-has-aspect-ratio\"><div class=\"wp-block-embed__wrapper\">\n<iframe loading=\"lazy\" title=\"Pr\u00f8veudtagning af  Fuldfoder\" width=\"500\" height=\"281\" src=\"https:\/\/www.youtube.com\/embed\/4bTweBAxHOQ?feature=oembed\" frameborder=\"0\" allow=\"accelerometer; autoplay; clipboard-write; encrypted-media; gyroscope; picture-in-picture; web-share\" referrerpolicy=\"strict-origin-when-cross-origin\" allowfullscreen><\/iframe>\n<\/div><\/figure>\n\n\n\n<p class=\"has-medium-font-size\"><\/p>\n\n\n\n<h2 class=\"wp-block-heading\">Pr\u00f8veudtagning velblandet kompakt fuldfoder<\/h2>\n\n\n\n<p>Hvis fuldfoderet er godt blandet (kompakt) kan man v\u00e6lge en mere simpel pr\u00f8veudtagningsmetode. Med den simple metode udtages en tv\u00e6rsnit af foderstrengen direkte til pr\u00f8veposen. <\/p>\n\n\n\n<figure class=\"wp-block-embed is-type-video is-provider-youtube wp-block-embed-youtube wp-embed-aspect-16-9 wp-has-aspect-ratio\"><div class=\"wp-block-embed__wrapper\">\n<iframe loading=\"lazy\" title=\"Pr\u00f8veudtagning fuldfoder (TMR sampling)\" width=\"500\" height=\"281\" src=\"https:\/\/www.youtube.com\/embed\/TKPUFJWL064?feature=oembed\" frameborder=\"0\" allow=\"accelerometer; autoplay; clipboard-write; encrypted-media; gyroscope; picture-in-picture; web-share\" referrerpolicy=\"strict-origin-when-cross-origin\" allowfullscreen><\/iframe>\n<\/div><\/figure>\n\n\n\n<p><\/p>\n\n\n\n<p class=\"has-medium-font-size\"><a href=\"https:\/\/rumen.dk\/index.php\/proveudtagning-kraftfoder-og-ravarer\/\" data-type=\"page\" data-id=\"540\">Pr\u00f8veudtagning kraftfoder og r\u00e5varer<\/a><\/p>\n\n\n\n<p><a href=\"https:\/\/rumen.dk\/index.php\/proveudtagning-fuldfoder\/\" data-type=\"page\" data-id=\"542\">Udtag pr\u00f8ve af fuldfoder<\/a><\/p>\n<div class='campos'>","protected":false},"excerpt":{"rendered":"<p>Af: Niels Bastian Kristensen Brug fuldfoderblanderen til udtagning af ensilagepr\u00f8ver Se beskrivelse af metoder til pr\u00f8veudtagning af ensilage fra stakke under opfodring her. Udtagning af fuldfoderpr\u00f8ver &#8211; f\u00f8rst den omst\u00e6ndelige metode Pr\u00f8veudtagning velblandet kompakt fuldfoder Hvis fuldfoderet er godt blandet (kompakt) kan man v\u00e6lge en mere simpel pr\u00f8veudtagningsmetode. Med den simple metode udtages en tv\u00e6rsnit [&hellip;]<\/p>\n","protected":false},"author":1,"featured_media":789,"parent":0,"menu_order":0,"comment_status":"closed","ping_status":"closed","template":"","meta":{"footnotes":""},"class_list":["post-331","page","type-page","status-publish","has-post-thumbnail","hentry"],"_links":{"self":[{"href":"https:\/\/rumen.dk\/index.php\/wp-json\/wp\/v2\/pages\/331","targetHints":{"allow":["GET"]}}],"collection":[{"href":"https:\/\/rumen.dk\/index.php\/wp-json\/wp\/v2\/pages"}],"about":[{"href":"https:\/\/rumen.dk\/index.php\/wp-json\/wp\/v2\/types\/page"}],"author":[{"embeddable":true,"href":"https:\/\/rumen.dk\/index.php\/wp-json\/wp\/v2\/users\/1"}],"replies":[{"embeddable":true,"href":"https:\/\/rumen.dk\/index.php\/wp-json\/wp\/v2\/comments?post=331"}],"version-history":[{"count":39,"href":"https:\/\/rumen.dk\/index.php\/wp-json\/wp\/v2\/pages\/331\/revisions"}],"predecessor-version":[{"id":790,"href":"https:\/\/rumen.dk\/index.php\/wp-json\/wp\/v2\/pages\/331\/revisions\/790"}],"wp:featuredmedia":[{"embeddable":true,"href":"https:\/\/rumen.dk\/index.php\/wp-json\/wp\/v2\/media\/789"}],"wp:attachment":[{"href":"https:\/\/rumen.dk\/index.php\/wp-json\/wp\/v2\/media?parent=331"}],"curies":[{"name":"wp","href":"https:\/\/api.w.org\/{rel}","templated":true}]}}