{"id":325,"date":"2023-01-14T18:50:56","date_gmt":"2023-01-14T18:50:56","guid":{"rendered":"http:\/\/rumen.dk\/?page_id=325"},"modified":"2023-01-14T18:52:54","modified_gmt":"2023-01-14T18:52:54","slug":"tilskudsfoder","status":"publish","type":"page","link":"https:\/\/rumen.dk\/index.php\/thesaurus\/tilskudsfoder\/","title":{"rendered":"Tilskudsfoder"},"content":{"rendered":"\n<figure class=\"wp-block-image size-medium\"><img loading=\"lazy\" decoding=\"async\" width=\"300\" height=\"225\" src=\"https:\/\/rumen.dk\/wp-content\/uploads\/2023\/01\/20220317_115751-300x225.jpg\" alt=\"\" class=\"wp-image-326\" srcset=\"https:\/\/rumen.dk\/wp-content\/uploads\/2023\/01\/20220317_115751-300x225.jpg 300w, https:\/\/rumen.dk\/wp-content\/uploads\/2023\/01\/20220317_115751-1024x768.jpg 1024w, https:\/\/rumen.dk\/wp-content\/uploads\/2023\/01\/20220317_115751-768x576.jpg 768w, https:\/\/rumen.dk\/wp-content\/uploads\/2023\/01\/20220317_115751-1536x1152.jpg 1536w, https:\/\/rumen.dk\/wp-content\/uploads\/2023\/01\/20220317_115751-2048x1536.jpg 2048w\" sizes=\"auto, (max-width: 300px) 100vw, 300px\" \/><\/figure>\n\n\n\n<p>Denne side samler publikationer om tilskudsfoder til kv\u00e6g<\/p>\n\n\n\n<figure class=\"wp-block-table\"><table><tbody><tr><td>Kv\u00e6g-Info #<\/td><td>Titel<\/td><td>Udgivelses\u00e5r<\/td><td>Administrators kommentarer<\/td><\/tr><tr><td>2623<\/td><td><a href=\"https:\/\/rumen.dk\/wp-content\/uploads\/2023\/01\/KI_2623_SCREENING-AF-KRAFTFODER-OG-RVAREMIX-2022.pdf\" data-type=\"attachment\" data-id=\"237\" target=\"_blank\" rel=\"noreferrer noopener\">Screening af kraftfoder og r\u00e5varemix 2022<\/a><\/td><td>2022<\/td><td>Screening af kraftfoder og r\u00e5varemix udtaget p\u00e5 danske kv\u00e6gbedrifter viser, at blandin-gerne generelt er retvisende deklareret<\/td><\/tr><tr><td><\/td><td><\/td><td><\/td><td><\/td><\/tr><tr><td><\/td><td><\/td><td><\/td><td><\/td><\/tr><tr><td><\/td><td><\/td><td><\/td><td><\/td><\/tr><tr><td><\/td><td><\/td><td><\/td><td><\/td><\/tr><tr><td><\/td><td><\/td><td><\/td><td><\/td><\/tr><tr><td><\/td><td><\/td><td><\/td><td><\/td><\/tr><tr><td><\/td><td><\/td><td><\/td><td><\/td><\/tr><tr><td><\/td><td><\/td><td><\/td><td><\/td><\/tr><tr><td><\/td><td><\/td><td><\/td><td><\/td><\/tr><tr><td><\/td><td><\/td><td><\/td><td><\/td><\/tr><\/tbody><\/table><\/figure>\n<div class='campos'>","protected":false},"excerpt":{"rendered":"<p>Denne side samler publikationer om tilskudsfoder til kv\u00e6g Kv\u00e6g-Info # Titel Udgivelses\u00e5r Administrators kommentarer 2623 Screening af kraftfoder og r\u00e5varemix 2022 2022 Screening af kraftfoder og r\u00e5varemix udtaget p\u00e5 danske kv\u00e6gbedrifter viser, at blandin-gerne generelt er retvisende deklareret<\/p>\n","protected":false},"author":1,"featured_media":0,"parent":194,"menu_order":0,"comment_status":"closed","ping_status":"closed","template":"","meta":{"footnotes":""},"class_list":["post-325","page","type-page","status-publish","hentry"],"_links":{"self":[{"href":"https:\/\/rumen.dk\/index.php\/wp-json\/wp\/v2\/pages\/325","targetHints":{"allow":["GET"]}}],"collection":[{"href":"https:\/\/rumen.dk\/index.php\/wp-json\/wp\/v2\/pages"}],"about":[{"href":"https:\/\/rumen.dk\/index.php\/wp-json\/wp\/v2\/types\/page"}],"author":[{"embeddable":true,"href":"https:\/\/rumen.dk\/index.php\/wp-json\/wp\/v2\/users\/1"}],"replies":[{"embeddable":true,"href":"https:\/\/rumen.dk\/index.php\/wp-json\/wp\/v2\/comments?post=325"}],"version-history":[{"count":2,"href":"https:\/\/rumen.dk\/index.php\/wp-json\/wp\/v2\/pages\/325\/revisions"}],"predecessor-version":[{"id":328,"href":"https:\/\/rumen.dk\/index.php\/wp-json\/wp\/v2\/pages\/325\/revisions\/328"}],"up":[{"embeddable":true,"href":"https:\/\/rumen.dk\/index.php\/wp-json\/wp\/v2\/pages\/194"}],"wp:attachment":[{"href":"https:\/\/rumen.dk\/index.php\/wp-json\/wp\/v2\/media?parent=325"}],"curies":[{"name":"wp","href":"https:\/\/api.w.org\/{rel}","templated":true}]}}